{"id":147,"date":"2024-03-03T22:56:06","date_gmt":"2024-03-03T21:56:06","guid":{"rendered":"https:\/\/maison-du-bien-etre-provence.fr\/?page_id=147"},"modified":"2026-01-10T00:13:52","modified_gmt":"2026-01-09T23:13:52","slug":"kinesiologie","status":"publish","type":"page","link":"https:\/\/maison-du-bien-etre-provence.fr\/?page_id=147","title":{"rendered":"Kin\u00e9siologie"},"content":{"rendered":"<p>[et_pb_section fb_built=&#8221;1&#8243; fullwidth=&#8221;on&#8221; _builder_version=&#8221;4.24.2&#8243; _module_preset=&#8221;default&#8221; global_colors_info=&#8221;{}&#8221;][et_pb_fullwidth_image src=&#8221;https:\/\/maison-du-bien-etre-provence.fr\/wp-content\/uploads\/2024\/03\/Alexia-Seguret-kinesiologue-test-musculaire-1.jpg&#8221; title_text=&#8221;Alexia Se\u0301guret kine\u0301siologue &#8211; test musculaire&#8221; _builder_version=&#8221;4.24.2&#8243; _module_preset=&#8221;default&#8221; global_colors_info=&#8221;{}&#8221;][\/et_pb_fullwidth_image][\/et_pb_section][et_pb_section fb_built=&#8221;1&#8243; _builder_version=&#8221;4.24.2&#8243; _module_preset=&#8221;default&#8221; background_color=&#8221;#ddddd2&#8243; global_colors_info=&#8221;{}&#8221;][et_pb_row _builder_version=&#8221;4.24.2&#8243; _module_preset=&#8221;default&#8221; global_colors_info=&#8221;{}&#8221;][et_pb_column type=&#8221;4_4&#8243; _builder_version=&#8221;4.24.2&#8243; _module_preset=&#8221;default&#8221; global_colors_info=&#8221;{}&#8221;][et_pb_heading title=&#8221;Kin\u00e9siologie&#8221; _builder_version=&#8221;4.24.2&#8243; _module_preset=&#8221;default&#8221; title_font_size=&#8221;47px&#8221; transform_translate=&#8221;-8px|-4px&#8221; width=&#8221;100%&#8221; max_width=&#8221;100%&#8221; module_alignment=&#8221;left&#8221; hover_enabled=&#8221;0&#8243; global_colors_info=&#8221;{}&#8221; title_font_size_last_edited=&#8221;on|phone&#8221; sticky_enabled=&#8221;0&#8243; title_font_size_phone=&#8221;39px&#8221; title_font_size_tablet=&#8221;47px&#8221;][\/et_pb_heading][et_pb_heading title=&#8221;alexia seguret&#8221; _builder_version=&#8221;4.24.2&#8243; _module_preset=&#8221;default&#8221; global_colors_info=&#8221;{}&#8221;][\/et_pb_heading][et_pb_text _builder_version=&#8221;4.24.2&#8243; _module_preset=&#8221;default&#8221; global_colors_info=&#8221;{}&#8221;]<\/p>\n<p>&#8220;Faciliter l&#8217;acc\u00e8s \u00e0 votre potentiel et d\u00e9velopper une meilleure connaissance de vous-m\u00eame.&#8221;<\/p>\n<p>C&#8217;est la mission que s&#8217;est fix\u00e9e Alexia en vous accompagnant pendant les s\u00e9ances de Kin\u00e9siologie.\u00a0<\/p>\n<p>[\/et_pb_text][\/et_pb_column][\/et_pb_row][et_pb_row column_structure=&#8221;3_5,2_5&#8243; _builder_version=&#8221;4.24.2&#8243; _module_preset=&#8221;default&#8221; global_colors_info=&#8221;{}&#8221;][et_pb_column type=&#8221;3_5&#8243; _builder_version=&#8221;4.24.2&#8243; _module_preset=&#8221;default&#8221; global_colors_info=&#8221;{}&#8221;][et_pb_blurb title=&#8221;Que se passe-t-il lors d&#8217;une s\u00e9ance de Kin\u00e9siologie ?&#8221; image=&#8221;https:\/\/maison-du-bien-etre-provence.fr\/wp-content\/uploads\/2024\/03\/Alexia-seguret-kinesiologue-5.jpg&#8221; image_icon_width=&#8221;76%&#8221; _builder_version=&#8221;4.24.2&#8243; _module_preset=&#8221;default&#8221; global_colors_info=&#8221;{}&#8221;]<\/p>\n<p class=\"p1\">Chaque personne est unique et est prise en charge de la mani\u00e8re qui correspond le mieux \u00e0 ses besoins.<\/p>\n<p class=\"p1\">Une consultation de Kin\u00e9siologie dure environ 1 heure (hors rendez-vous initial)<\/p>\n<p class=\"p1\">Lors de votre premi\u00e8re s\u00e9ance de kin\u00e9siologie, votre praticien discutera avec vous du motif de votre visite et vous aidera ensuite \u00e0 d\u00e9finir ce que vous souhaitez obtenir de la s\u00e9ance.<\/p>\n<p class=\"p1\">La majeure partie de la s\u00e9ance se d\u00e9roule allong\u00e9 sur une table de massage, enti\u00e8rement habill\u00e9, tandis que votre kin\u00e9siologue utilise des tests musculaires et des points d&#8217;acupression pour d\u00e9terminer o\u00f9 se trouvent les d\u00e9s\u00e9quilibres du syst\u00e8me \u00e9nerg\u00e9tique.<\/p>\n<p>[\/et_pb_blurb][\/et_pb_column][et_pb_column type=&#8221;2_5&#8243; _builder_version=&#8221;4.24.2&#8243; _module_preset=&#8221;default&#8221; global_colors_info=&#8221;{}&#8221;][et_pb_blurb title=&#8221;Le test musculaire&#8221; image=&#8221;https:\/\/maison-du-bien-etre-provence.fr\/wp-content\/uploads\/2024\/03\/alexia-seguret-test-musculaire.jpg&#8221; _builder_version=&#8221;4.24.2&#8243; _module_preset=&#8221;default&#8221; global_colors_info=&#8221;{}&#8221;]<\/p>\n<p class=\"p1\">Votre kin\u00e9siologue peut \u00e9galement tester les muscles pour d\u00e9finir avec pr\u00e9cision o\u00f9 se situe le stress dans le corps.<\/p>\n<p class=\"p1\">Une fois que le kin\u00e9siologue a localis\u00e9 o\u00f9 se trouvent les stress et les blocages, il utilisera ensuite diverses techniques correctives pour aider \u00e0 retrouver une autonomie et \u00e0 utiliser votre potentiel.<\/p>\n<p>[\/et_pb_blurb][\/et_pb_column][\/et_pb_row][et_pb_row column_structure=&#8221;3_5,2_5&#8243; _builder_version=&#8221;4.24.2&#8243; _module_preset=&#8221;default&#8221; global_colors_info=&#8221;{}&#8221;][et_pb_column type=&#8221;3_5&#8243; _builder_version=&#8221;4.24.2&#8243; _module_preset=&#8221;default&#8221; global_colors_info=&#8221;{}&#8221;][et_pb_blurb title=&#8221;La kin\u00e9siologie est une exp\u00e9rience participative&#8221; image=&#8221;https:\/\/maison-du-bien-etre-provence.fr\/wp-content\/uploads\/2024\/04\/alexia-seguret-b.jpg&#8221; _builder_version=&#8221;4.24.2&#8243; _module_preset=&#8221;default&#8221; global_colors_info=&#8221;{}&#8221;]<\/p>\n<p class=\"p1\">Vous, votre volont\u00e9 et votre d\u00e9termination \u00e0 \u00eatre la meilleure version de vous-m\u00eame, \u00eates le principal facteur pour atteindre un bien-\u00eatre optimal.\u00a0C&#8217;est pourquoi les s\u00e9ances de kin\u00e9siologie sont particuli\u00e8rement interactives.<\/p>\n<p class=\"p1\">Pendant une s\u00e9ance, il est possible que vous r\u00e9p\u00e9tiez des phrases, fassiez des exercices et des activit\u00e9s. A la maison, vous aurez peut-\u00eatre des \u00a0renforcements afin d&#8217;aider \u00e0 maintenir les changements apport\u00e9s \u00e0 chaque s\u00e9ance.\u00a0Plus \u00a0vous \u00eates engag\u00e9 dans votre objectif, plus il est probable que vous obteniez les r\u00e9sultats que vous recherchez.<\/p>\n<p>[\/et_pb_blurb][\/et_pb_column][et_pb_column type=&#8221;2_5&#8243; _builder_version=&#8221;4.24.2&#8243; _module_preset=&#8221;default&#8221; global_colors_info=&#8221;{}&#8221;][et_pb_blurb _builder_version=&#8221;4.24.2&#8243; _module_preset=&#8221;default&#8221; global_colors_info=&#8221;{}&#8221;]<\/p>\n<p class=\"p1\">\n<p class=\"p1\">\n<p class=\"p1\"><b>Que porter lors d&#8217;une s\u00e9ance\u00a0:<\/b><\/p>\n<p class=\"p1\">Des v\u00eatements amples et confortables. Vous resterez enti\u00e8rement habill\u00e9 pendant toute la s\u00e9ance, vous devrez seulement retirer vos chaussures avant de vous allonger sur la table de massage.<\/p>\n<p class=\"p1\">\n<p class=\"p1\"><b>Comment vais-je me sentir apr\u00e8s une s\u00e9ance ?<\/b><\/p>\n<p class=\"p1\">\n<p class=\"p1\">Parce que chacun est unique le corps peut r\u00e9agir diff\u00e9remment. La plupart des gens ont le sentiment d\u2019\u00eatre \u00e0 la fois centr\u00e9s, calmes et pleins d\u2019\u00e9nergie.<\/p>\n<p class=\"p1\">Si nous avons travaill\u00e9 sur des couches plus profondes, vous pourriez vous sentir un peu fatigu\u00e9 et ressentir le besoin de vous reposer par la suite.<\/p>\n<p class=\"p1\">il est conseill\u00e9 de boire beaucoup d&#8217;eau et d&#8217;\u00eatre doux avec vous-m\u00eame pendant les 24 \u00e0 48 heures suivantes. Parfois, les sympt\u00f4mes peuvent sembler s\u2019aggraver pendant un petit moment, mais ils ne font que se manifester avant d\u2019\u00eatre lib\u00e9r\u00e9s.<\/p>\n<p class=\"p1\">Respirez et laissez-les partir.<\/p>\n<p class=\"p1\">\n<p class=\"p1\"><b>De combien de s\u00e9ances ai-je besoin ?<\/b><\/p>\n<p class=\"p1\">\n<p class=\"p1\">Cela d\u00e9pendra de la raison de votre venue.<\/p>\n<p class=\"p1\">G\u00e9n\u00e9ralement, la premi\u00e8re s\u00e9ance de kin\u00e9siologie \u00a0est suivie de 3 \u00e0 5 consultations avec 3 semaines d&#8217;intervalle.<\/p>\n<p class=\"p1\">Vous saurez quand vous avez besoin d\u2019une s\u00e9ance de kin\u00e9siologie, car vous deviendrez plus conscient de votre ressenti.<\/p>\n<p class=\"p1\">[\/et_pb_blurb][\/et_pb_column][\/et_pb_row][et_pb_row _builder_version=&#8221;4.24.2&#8243; _module_preset=&#8221;default&#8221; global_colors_info=&#8221;{}&#8221;][et_pb_column type=&#8221;4_4&#8243; _builder_version=&#8221;4.24.2&#8243; _module_preset=&#8221;default&#8221; global_colors_info=&#8221;{}&#8221;][et_pb_button button_url=&#8221;https:\/\/www.alexiaseguretkinesiologue.fr\/reserver\/&#8221; button_text=&#8221;Prendre rendez-vous avec Alexia&#8221; button_alignment=&#8221;center&#8221; _builder_version=&#8221;4.24.2&#8243; _module_preset=&#8221;default&#8221; custom_button=&#8221;on&#8221; button_text_size=&#8221;17px&#8221; button_text_color=&#8221;#471F00&#8243; button_bg_color=&#8221;RGBA(255,255,255,0)&#8221; button_border_width=&#8221;2px&#8221; button_border_color=&#8221;#5A0C1C&#8221; button_border_radius=&#8221;30px&#8221; button_letter_spacing=&#8221;3px&#8221; locked=&#8221;off&#8221; global_colors_info=&#8221;{}&#8221;][\/et_pb_button][\/et_pb_column][\/et_pb_row][et_pb_row _builder_version=&#8221;4.24.2&#8243; _module_preset=&#8221;default&#8221; global_colors_info=&#8221;{}&#8221;][et_pb_column type=&#8221;4_4&#8243; _builder_version=&#8221;4.24.2&#8243; _module_preset=&#8221;default&#8221; global_colors_info=&#8221;{}&#8221;][et_pb_image src=&#8221;https:\/\/maison-du-bien-etre-provence.fr\/wp-content\/uploads\/2024\/03\/Alexia-seguret.jpg&#8221; title_text=&#8221;Alexia seguret&#8221; _builder_version=&#8221;4.24.2&#8243; _module_preset=&#8221;default&#8221; width=&#8221;24%&#8221; width_tablet=&#8221;24%&#8221; width_phone=&#8221;71%&#8221; width_last_edited=&#8221;on|phone&#8221; module_alignment=&#8221;center&#8221; global_colors_info=&#8221;{}&#8221;][\/et_pb_image][\/et_pb_column][\/et_pb_row][et_pb_row _builder_version=&#8221;4.24.2&#8243; _module_preset=&#8221;default&#8221; global_colors_info=&#8221;{}&#8221;][et_pb_column type=&#8221;4_4&#8243; _builder_version=&#8221;4.24.2&#8243; _module_preset=&#8221;default&#8221; global_colors_info=&#8221;{}&#8221;][et_pb_image src=&#8221;https:\/\/maison-du-bien-etre-provence.fr\/wp-content\/uploads\/2024\/04\/logo-la-maison-tr.png&#8221; title_text=&#8221;logo- la maison-tr&#8221; url=&#8221;https:\/\/maison-du-bien-etre-provence.fr\/&#8221; _builder_version=&#8221;4.24.2&#8243; _module_preset=&#8221;default&#8221; width=&#8221;17%&#8221; width_tablet=&#8221;17%&#8221; width_phone=&#8221;44%&#8221; width_last_edited=&#8221;on|phone&#8221; module_alignment=&#8221;center&#8221; global_colors_info=&#8221;{}&#8221;][\/et_pb_image][\/et_pb_column][\/et_pb_row][\/et_pb_section]<\/p>\n","protected":false},"excerpt":{"rendered":"<p>&#8220;Faciliter l&#8217;acc\u00e8s \u00e0 votre potentiel et d\u00e9velopper une meilleure connaissance de vous-m\u00eame.&#8221; C&#8217;est la mission que s&#8217;est fix\u00e9e Alexia en vous accompagnant pendant les s\u00e9ances de Kin\u00e9siologie.\u00a0Chaque personne est unique et est prise en charge de la mani\u00e8re qui correspond le mieux \u00e0 ses besoins. Une consultation de Kin\u00e9siologie dure environ 1 heure (hors rendez-vous [&hellip;]<\/p>\n","protected":false},"author":1,"featured_media":0,"parent":0,"menu_order":0,"comment_status":"closed","ping_status":"closed","template":"","meta":{"_et_pb_use_builder":"on","_et_pb_old_content":"","_et_gb_content_width":"","footnotes":""},"_links":{"self":[{"href":"https:\/\/maison-du-bien-etre-provence.fr\/index.php?rest_route=\/wp\/v2\/pages\/147"}],"collection":[{"href":"https:\/\/maison-du-bien-etre-provence.fr\/index.php?rest_route=\/wp\/v2\/pages"}],"about":[{"href":"https:\/\/maison-du-bien-etre-provence.fr\/index.php?rest_route=\/wp\/v2\/types\/page"}],"author":[{"embeddable":true,"href":"https:\/\/maison-du-bien-etre-provence.fr\/index.php?rest_route=\/wp\/v2\/users\/1"}],"replies":[{"embeddable":true,"href":"https:\/\/maison-du-bien-etre-provence.fr\/index.php?rest_route=%2Fwp%2Fv2%2Fcomments&post=147"}],"version-history":[{"count":37,"href":"https:\/\/maison-du-bien-etre-provence.fr\/index.php?rest_route=\/wp\/v2\/pages\/147\/revisions"}],"predecessor-version":[{"id":809,"href":"https:\/\/maison-du-bien-etre-provence.fr\/index.php?rest_route=\/wp\/v2\/pages\/147\/revisions\/809"}],"wp:attachment":[{"href":"https:\/\/maison-du-bien-etre-provence.fr\/index.php?rest_route=%2Fwp%2Fv2%2Fmedia&parent=147"}],"curies":[{"name":"wp","href":"https:\/\/api.w.org\/{rel}","templated":true}]}}