{"id":706,"date":"2026-01-09T14:06:48","date_gmt":"2026-01-09T13:06:48","guid":{"rendered":"https:\/\/maison-du-bien-etre-provence.fr\/?page_id=706"},"modified":"2026-01-23T11:38:15","modified_gmt":"2026-01-23T10:38:15","slug":"des-propositions-ponctuelles","status":"publish","type":"page","link":"https:\/\/maison-du-bien-etre-provence.fr\/?page_id=706","title":{"rendered":"DES PROPOSITIONS PONCTUELLES"},"content":{"rendered":"<p>[et_pb_section fb_built=&#8221;1&#8243; _builder_version=&#8221;4.24.2&#8243; _module_preset=&#8221;default&#8221; background_color=&#8221;#e8e8e8&#8243; global_colors_info=&#8221;{}&#8221;][et_pb_row _builder_version=&#8221;4.24.2&#8243; _module_preset=&#8221;default&#8221; global_colors_info=&#8221;{}&#8221;][et_pb_column type=&#8221;4_4&#8243; _builder_version=&#8221;4.24.2&#8243; _module_preset=&#8221;default&#8221; global_colors_info=&#8221;{}&#8221;][et_pb_heading title=&#8221;DES PROPOSITIONS PONCTUELLES&#8221; _builder_version=&#8221;4.24.2&#8243; _module_preset=&#8221;default&#8221; title_font_size_tablet=&#8221;&#8221; title_font_size_phone=&#8221;29px&#8221; title_font_size_last_edited=&#8221;on|desktop&#8221; global_colors_info=&#8221;{}&#8221;][\/et_pb_heading][et_pb_text _builder_version=&#8221;4.24.2&#8243; _module_preset=&#8221;default&#8221; global_colors_info=&#8221;{}&#8221;]<\/p>\n<h2 style=\"text-align: center;\"><strong>LES ATELIERS<\/strong><\/h2>\n<p>[\/et_pb_text][\/et_pb_column][\/et_pb_row][et_pb_row _builder_version=&#8221;4.24.2&#8243; _module_preset=&#8221;default&#8221; global_colors_info=&#8221;{}&#8221;][et_pb_column type=&#8221;4_4&#8243; _builder_version=&#8221;4.24.2&#8243; _module_preset=&#8221;default&#8221; global_colors_info=&#8221;{}&#8221;][et_pb_blurb title=&#8221;CERCLES SONORES &#8221; image=&#8221;https:\/\/maison-du-bien-etre-provence.fr\/wp-content\/uploads\/2026\/01\/IMG_0107.jpg&#8221; _builder_version=&#8221;4.24.2&#8243; _module_preset=&#8221;default&#8221; hover_enabled=&#8221;0&#8243; global_colors_info=&#8221;{}&#8221; sticky_enabled=&#8221;0&#8243;]<\/p>\n<p><strong>C\u00e9cile Bernard, sonoth\u00e9rapeute<\/strong>, vous propose une pause diff\u00e9rente. Le cercle sonore est\u00a0 une parenth\u00e8se de douceur et de joie : &#8220;On se retrouve pour chanter ensemble des chants sacr\u00e9s, vibrer \u00e0 l&#8217;unisson, et laisser la magie du son nous traverser. Apr\u00e8s le chant, je vous emm\u00e8ne dans un voyage sonore, bain de vibration avec ses diff\u00e9rents instruments &#8211; bols tib\u00e9tains, carillons et autres sons qui apaisent le corps et l&#8217;esprit.&#8221;<\/p>\n<ul>\n<li>Jeudi 8 janvier 2026 : 18h15-19h30<\/li>\n<li>Jeudi 5 f\u00e9vrier 2026 : 18h15-19h30<\/li>\n<li>Jeudi 5 mars 2026 : 18h15-19h30<\/li>\n<li>Jeudi 2 avril 2026 : 18h15-19h30<\/li>\n<li>Jeudi 7 mai 2026 : 18h15-19h30<\/li>\n<li>Jeudi 4 juin 2026 : 18h15-19h30<\/li>\n<\/ul>\n<p>[\/et_pb_blurb][et_pb_blurb title=&#8221;ATELIERS YOGA &#8221; image=&#8221;https:\/\/maison-du-bien-etre-provence.fr\/wp-content\/uploads\/2026\/01\/Atelier-yoga2.jpg&#8221; _builder_version=&#8221;4.24.2&#8243; _module_preset=&#8221;default&#8221; hover_enabled=&#8221;0&#8243; global_colors_info=&#8221;{}&#8221; sticky_enabled=&#8221;0&#8243;]<\/p>\n<p><strong>St\u00e9phanie Vautrin-Ranchin, professeure de yoga et praticienne en shatsu<\/strong> vous propose 3 ateliers yoga pour le premier trimestre 2026.<\/p>\n<ul>\n<li><strong><span dir=\"auto\" style=\"vertical-align: inherit;\">Samedi 17 janvier 2026 : <\/span><\/strong><span dir=\"auto\" style=\"vertical-align: inherit;\"><strong>Yin Yoga &amp; relaxation sonore.<\/strong> <em>(Au programme : on ralentit avec une relaxation berc\u00e9e par les sons des bols tib\u00e9tains).<\/em><\/span><\/li>\n<li><span dir=\"auto\" style=\"vertical-align: inherit;\"><strong>Samedi 14 f\u00e9vrier 2026 : Zoom Asana<\/strong> <em>(On choisit une posture et on la d\u00e9cortique).<\/em><\/span><\/li>\n<li><span dir=\"auto\" style=\"vertical-align: inherit;\"><strong>Samedi 14 mars 2026 : Fondamentaux<\/strong> <em>(Ouvert \u00e0 tous, d\u00e9butants ou non. Respiration, posture, conscience du corps).<\/em><\/span><\/li>\n<\/ul>\n<p>[\/et_pb_blurb][et_pb_gallery gallery_ids=&#8221;872,889,888&#8243; fullwidth=&#8221;on&#8221; _builder_version=&#8221;4.24.2&#8243; _module_preset=&#8221;default&#8221; width=&#8221;48%&#8221; module_alignment=&#8221;center&#8221; hover_enabled=&#8221;0&#8243; global_colors_info=&#8221;{}&#8221; width_last_edited=&#8221;on|desktop&#8221; sticky_enabled=&#8221;0&#8243; width_phone=&#8221;93%&#8221; width_tablet=&#8221;48%&#8221;][\/et_pb_gallery][et_pb_blurb title=&#8221;CERCLE DE FEMMES&#8221; _builder_version=&#8221;4.24.2&#8243; _module_preset=&#8221;default&#8221; hover_enabled=&#8221;0&#8243; global_colors_info=&#8221;{}&#8221; sticky_enabled=&#8221;0&#8243;]<\/p>\n<p style=\"text-align: center;\"><strong>Jeudi 15 janvier : 20h-22h\u00a0 <\/strong><\/p>\n<p style=\"text-align: center;\"><strong>&#8220;La confiance en soi&#8221;<\/strong><\/p>\n<p><strong>Audrey Housini Delzanno (psychopraticienne analytique) et C\u00e9line Moullet (sophrologue)<\/strong> vous proposent un groupe de parole th\u00e9rapeutique avec une s\u00e9ance de Sophrologie autour du th\u00e8me &#8220;la confiance en soi&#8221;.<\/p>\n<p>Vous aborderez ce sujet \u00e0 travers :<\/p>\n<ul>\n<li>votre histoire<\/li>\n<li>le couple<\/li>\n<li>la famille<\/li>\n<li>le milieu professionnel<\/li>\n<li>le cercle amical&#8230;<\/li>\n<\/ul>\n<p>[\/et_pb_blurb][\/et_pb_column][\/et_pb_row][et_pb_row _builder_version=&#8221;4.24.2&#8243; _module_preset=&#8221;default&#8221; global_colors_info=&#8221;{}&#8221;][et_pb_column type=&#8221;4_4&#8243; _builder_version=&#8221;4.24.2&#8243; _module_preset=&#8221;default&#8221; global_colors_info=&#8221;{}&#8221;][et_pb_text _builder_version=&#8221;4.24.2&#8243; _module_preset=&#8221;default&#8221; global_colors_info=&#8221;{}&#8221;]<\/p>\n<p style=\"text-align: center;\"><strong><em>Inscription obligatoire<\/em><\/strong><\/p>\n<p>[\/et_pb_text][\/et_pb_column][\/et_pb_row][et_pb_row column_structure=&#8221;1_3,1_3,1_3&#8243; _builder_version=&#8221;4.24.2&#8243; _module_preset=&#8221;default&#8221; global_colors_info=&#8221;{}&#8221;][et_pb_column type=&#8221;1_3&#8243; _builder_version=&#8221;4.24.2&#8243; _module_preset=&#8221;default&#8221; global_colors_info=&#8221;{}&#8221;][et_pb_blurb _builder_version=&#8221;4.24.2&#8243; _module_preset=&#8221;default&#8221; hover_enabled=&#8221;0&#8243; global_colors_info=&#8221;{}&#8221; sticky_enabled=&#8221;0&#8243;]<\/p>\n<p style=\"text-align: center;\"><strong><span dir=\"auto\" style=\"vertical-align: inherit;\"><span dir=\"auto\" style=\"vertical-align: inherit;\"><span dir=\"auto\" style=\"vertical-align: inherit;\"><span dir=\"auto\" style=\"vertical-align: inherit;\"><span dir=\"auto\" style=\"vertical-align: inherit;\"><span dir=\"auto\" style=\"vertical-align: inherit;\">Cercles sonores\u00a0<\/span><\/span><\/span><\/span><\/span><\/span><\/strong><\/p>\n<p style=\"text-align: center;\"><strong><span dir=\"auto\" style=\"vertical-align: inherit;\"><span dir=\"auto\" style=\"vertical-align: inherit;\"><span dir=\"auto\" style=\"vertical-align: inherit;\"><span dir=\"auto\" style=\"vertical-align: inherit;\"><span dir=\"auto\" style=\"vertical-align: inherit;\"><span dir=\"auto\" style=\"vertical-align: inherit;\">C\u00e9cile : 07 82 27 51 65<\/span><\/span><\/span><\/span><\/span><\/span><\/strong><\/p>\n<p style=\"text-align: center;\">[\/et_pb_blurb][\/et_pb_column][et_pb_column type=&#8221;1_3&#8243; _builder_version=&#8221;4.24.2&#8243; _module_preset=&#8221;default&#8221; global_colors_info=&#8221;{}&#8221;][et_pb_blurb _builder_version=&#8221;4.24.2&#8243; _module_preset=&#8221;default&#8221; hover_enabled=&#8221;0&#8243; global_colors_info=&#8221;{}&#8221; sticky_enabled=&#8221;0&#8243;]<\/p>\n<p style=\"text-align: center;\"><strong><span dir=\"auto\" style=\"vertical-align: inherit;\"><span dir=\"auto\" style=\"vertical-align: inherit;\">Ateliers Yoga<\/span><\/span><\/strong><\/p>\n<p style=\"text-align: center;\"><strong><span dir=\"auto\" style=\"vertical-align: inherit;\"><span dir=\"auto\" style=\"vertical-align: inherit;\">St\u00e9phanie : 06 68 45 79 98<\/span><\/span><\/strong><\/p>\n<p>[\/et_pb_blurb][\/et_pb_column][et_pb_column type=&#8221;1_3&#8243; _builder_version=&#8221;4.24.2&#8243; _module_preset=&#8221;default&#8221; global_colors_info=&#8221;{}&#8221;][et_pb_blurb _builder_version=&#8221;4.24.2&#8243; _module_preset=&#8221;default&#8221; hover_enabled=&#8221;0&#8243; global_colors_info=&#8221;{}&#8221; sticky_enabled=&#8221;0&#8243;]<\/p>\n<p style=\"text-align: center;\"><strong><span dir=\"auto\" style=\"vertical-align: inherit;\"><span dir=\"auto\" style=\"vertical-align: inherit;\">Cercle de femmes<\/span><\/span><\/strong><\/p>\n<p style=\"text-align: center;\"><strong><span dir=\"auto\" style=\"vertical-align: inherit;\"><span dir=\"auto\" style=\"vertical-align: inherit;\">Audrey : 06 78 46 96 17<\/span><\/span><\/strong><\/p>\n<p>[\/et_pb_blurb][\/et_pb_column][\/et_pb_row][et_pb_row _builder_version=&#8221;4.24.2&#8243; _module_preset=&#8221;default&#8221; global_colors_info=&#8221;{}&#8221;][et_pb_column type=&#8221;4_4&#8243; _builder_version=&#8221;4.24.2&#8243; _module_preset=&#8221;default&#8221; global_colors_info=&#8221;{}&#8221;][et_pb_divider color=&#8221;#5A0C1C&#8221; _builder_version=&#8221;4.24.2&#8243; _module_preset=&#8221;default&#8221; global_colors_info=&#8221;{}&#8221;][\/et_pb_divider][\/et_pb_column][\/et_pb_row][et_pb_row _builder_version=&#8221;4.24.2&#8243; _module_preset=&#8221;default&#8221; global_colors_info=&#8221;{}&#8221;][et_pb_column type=&#8221;4_4&#8243; _builder_version=&#8221;4.24.2&#8243; _module_preset=&#8221;default&#8221; global_colors_info=&#8221;{}&#8221;][et_pb_blurb title=&#8221;Les soir\u00e9es \u00e0 th\u00e8me&#8221; image=&#8221;https:\/\/maison-du-bien-etre-provence.fr\/wp-content\/uploads\/2026\/01\/apero-sexo.jpeg&#8221; _builder_version=&#8221;4.24.2&#8243; _module_preset=&#8221;default&#8221; hover_enabled=&#8221;0&#8243; global_colors_info=&#8221;{}&#8221; sticky_enabled=&#8221;0&#8243;]<\/p>\n<h5><span dir=\"auto\" style=\"vertical-align: inherit;\"><span dir=\"auto\" style=\"vertical-align: inherit;\">AP\u00c9RO SEXO :<\/span><\/span><\/h5>\n<p><strong><span dir=\"auto\" style=\"vertical-align: inherit;\"><span dir=\"auto\" style=\"vertical-align: inherit;\">Muriel Morin, sexoth\u00e9rapeute et th\u00e9rapeute de couple<\/span><\/span><\/strong><span dir=\"auto\" style=\"vertical-align: inherit;\"><span dir=\"auto\" style=\"vertical-align: inherit;\"> vous propose un moment pour souffler, rire, partager et parler d&#8217;intimit\u00e9 en toute bienveillance et simplicit\u00e9.<\/span><\/span><\/p>\n<p><span dir=\"auto\" style=\"vertical-align: inherit;\"><span dir=\"auto\" style=\"vertical-align: inherit;\"><\/span><\/span><\/p>\n<ul>\n<li><span dir=\"auto\" style=\"vertical-align: inherit;\"><span dir=\"auto\" style=\"vertical-align: inherit;\">Jeudi 29 janvier 2026 : 19h30-21h<\/span><\/span><\/li>\n<li><span dir=\"auto\" style=\"vertical-align: inherit;\"><span dir=\"auto\" style=\"vertical-align: inherit;\">Jeudi 26 f\u00e9vrier 2026 : 19h30-21h<\/span><\/span><\/li>\n<li><span dir=\"auto\" style=\"vertical-align: inherit;\"><span dir=\"auto\" style=\"vertical-align: inherit;\">Jeudi 26 mars 2026 : 19h30-21h<\/span><\/span><\/li>\n<li><span dir=\"auto\" style=\"vertical-align: inherit;\"><span dir=\"auto\" style=\"vertical-align: inherit;\">Jeudi 30 avril 2026 : 19h30-21h<\/span><\/span><\/li>\n<li><span dir=\"auto\" style=\"vertical-align: inherit;\"><span dir=\"auto\" style=\"vertical-align: inherit;\">Jeudi 28 mai 2026 : 19h30-21h<\/span><\/span><\/li>\n<li><span dir=\"auto\" style=\"vertical-align: inherit;\"><span dir=\"auto\" style=\"vertical-align: inherit;\">Jeudi 25 juin 2026 : 19h30-21h<\/span><\/span><\/li>\n<\/ul>\n<p>[\/et_pb_blurb][et_pb_text _builder_version=&#8221;4.24.2&#8243; _module_preset=&#8221;default&#8221; global_colors_info=&#8221;{}&#8221;]<\/p>\n<p style=\"text-align: center;\"><strong><em>Inscription obligatoire<\/em><\/strong><\/p>\n<p>[\/et_pb_text][et_pb_blurb _builder_version=&#8221;4.24.2&#8243; _module_preset=&#8221;default&#8221; hover_enabled=&#8221;0&#8243; global_colors_info=&#8221;{}&#8221; sticky_enabled=&#8221;0&#8243;]<\/p>\n<p style=\"text-align: center;\"><strong><span dir=\"auto\" style=\"vertical-align: inherit;\"><span dir=\"auto\" style=\"vertical-align: inherit;\">Ap\u00e9ro Sexo<\/span><\/span><\/strong><\/p>\n<p style=\"text-align: center;\"><strong><span dir=\"auto\" style=\"vertical-align: inherit;\"><span dir=\"auto\" style=\"vertical-align: inherit;\">Muriel : 06 61 80 86 13<\/span><\/span><\/strong><\/p>\n<p>[\/et_pb_blurb][et_pb_button button_text=&#8221;Plus d&#8217;infos&#8221; button_alignment=&#8221;center&#8221; _builder_version=&#8221;4.24.2&#8243; _module_preset=&#8221;default&#8221; custom_button=&#8221;on&#8221; button_text_size=&#8221;20px&#8221; button_text_color=&#8221;#234700&#8243; button_bg_color=&#8221;RGBA(255,255,255,0)&#8221; button_border_width=&#8221;2px&#8221; button_border_color=&#8221;#0C5A4A&#8221; button_border_radius=&#8221;30px&#8221; button_letter_spacing=&#8221;3px&#8221; hover_enabled=&#8221;0&#8243; global_colors_info=&#8221;{}&#8221; sticky_enabled=&#8221;0&#8243; button_url=&#8221;https:\/\/www.sexopsy13.com\/aperos-sexo-salon-provence&#8221;][\/et_pb_button][et_pb_divider color=&#8221;#5A0C1C&#8221; _builder_version=&#8221;4.24.2&#8243; _module_preset=&#8221;default&#8221; global_colors_info=&#8221;{}&#8221;][\/et_pb_divider][\/et_pb_column][\/et_pb_row][et_pb_row _builder_version=&#8221;4.24.2&#8243; _module_preset=&#8221;default&#8221; global_colors_info=&#8221;{}&#8221;][et_pb_column type=&#8221;4_4&#8243; _builder_version=&#8221;4.24.2&#8243; _module_preset=&#8221;default&#8221; global_colors_info=&#8221;{}&#8221;][et_pb_image src=&#8221;https:\/\/maison-du-bien-etre-provence.fr\/wp-content\/uploads\/2024\/04\/logo-la-maison-tr.png&#8221; title_text=&#8221;logo- la maison-tr&#8221; url=&#8221;https:\/\/maison-du-bien-etre-provence.fr&#8221; _builder_version=&#8221;4.24.2&#8243; _module_preset=&#8221;default&#8221; width=&#8221;17%&#8221; width_tablet=&#8221;17%&#8221; width_phone=&#8221;44%&#8221; width_last_edited=&#8221;on|phone&#8221; module_alignment=&#8221;center&#8221; global_colors_info=&#8221;{}&#8221;][\/et_pb_image][\/et_pb_column][\/et_pb_row][\/et_pb_section]<\/p>\n","protected":false},"excerpt":{"rendered":"<p>LES ATELIERSC\u00e9cile Bernard, sonoth\u00e9rapeute, vous propose une pause diff\u00e9rente. Le cercle sonore est\u00a0 une parenth\u00e8se de douceur et de joie : &#8220;On se retrouve pour chanter ensemble des chants sacr\u00e9s, vibrer \u00e0 l&#8217;unisson, et laisser la magie du son nous traverser. Apr\u00e8s le chant, je vous emm\u00e8ne dans un voyage sonore, bain de vibration avec [&hellip;]<\/p>\n","protected":false},"author":1,"featured_media":0,"parent":0,"menu_order":0,"comment_status":"closed","ping_status":"closed","template":"","meta":{"_et_pb_use_builder":"on","_et_pb_old_content":"","_et_gb_content_width":"","footnotes":""},"_links":{"self":[{"href":"https:\/\/maison-du-bien-etre-provence.fr\/index.php?rest_route=\/wp\/v2\/pages\/706"}],"collection":[{"href":"https:\/\/maison-du-bien-etre-provence.fr\/index.php?rest_route=\/wp\/v2\/pages"}],"about":[{"href":"https:\/\/maison-du-bien-etre-provence.fr\/index.php?rest_route=\/wp\/v2\/types\/page"}],"author":[{"embeddable":true,"href":"https:\/\/maison-du-bien-etre-provence.fr\/index.php?rest_route=\/wp\/v2\/users\/1"}],"replies":[{"embeddable":true,"href":"https:\/\/maison-du-bien-etre-provence.fr\/index.php?rest_route=%2Fwp%2Fv2%2Fcomments&post=706"}],"version-history":[{"count":47,"href":"https:\/\/maison-du-bien-etre-provence.fr\/index.php?rest_route=\/wp\/v2\/pages\/706\/revisions"}],"predecessor-version":[{"id":919,"href":"https:\/\/maison-du-bien-etre-provence.fr\/index.php?rest_route=\/wp\/v2\/pages\/706\/revisions\/919"}],"wp:attachment":[{"href":"https:\/\/maison-du-bien-etre-provence.fr\/index.php?rest_route=%2Fwp%2Fv2%2Fmedia&parent=706"}],"curies":[{"name":"wp","href":"https:\/\/api.w.org\/{rel}","templated":true}]}}